{"id":2164,"date":"2020-12-12T22:59:01","date_gmt":"2020-12-12T22:59:01","guid":{"rendered":"https:\/\/royalcardetailing.al\/?post_type=product&#038;p=2164"},"modified":"2020-12-12T23:26:41","modified_gmt":"2020-12-12T23:26:41","slug":"set-mbrojtes","status":"publish","type":"product","link":"https:\/\/royalcardetailing.al\/index.php\/product\/set-mbrojtes\/","title":{"rendered":"Set mbrojt\u00ebs"},"content":{"rendered":"<p>Set mbrojt\u00ebs ndaj papast\u00ebrtive p\u00ebr sedilen,timonin,tapetin,marshin,frenat e dor\u00ebs.<br \/>\nMund t\u00eb p\u00ebrdoret kur e dergoni makinen tek mekaniku ose kur shkoni n\u00eb plazh.<\/p>\n","protected":false},"excerpt":{"rendered":"<p>Set mbrojt\u00ebs <\/p>\n","protected":false},"featured_media":2168,"template":"","meta":[],"_links":{"self":[{"href":"https:\/\/royalcardetailing.al\/index.php\/wp-json\/wp\/v2\/product\/2164"}],"collection":[{"href":"https:\/\/royalcardetailing.al\/index.php\/wp-json\/wp\/v2\/product"}],"about":[{"href":"https:\/\/royalcardetailing.al\/index.php\/wp-json\/wp\/v2\/types\/product"}],"wp:featuredmedia":[{"embeddable":true,"href":"https:\/\/royalcardetailing.al\/index.php\/wp-json\/wp\/v2\/media\/2168"}],"wp:attachment":[{"href":"https:\/\/royalcardetailing.al\/index.php\/wp-json\/wp\/v2\/media?parent=2164"}],"curies":[{"name":"wp","href":"https:\/\/api.w.org\/{rel}","templated":true}]}}