{"id":2140,"date":"2020-12-12T15:31:27","date_gmt":"2020-12-12T15:31:27","guid":{"rendered":"https:\/\/royalcardetailing.al\/?post_type=product&#038;p=2140"},"modified":"2020-12-12T15:32:20","modified_gmt":"2020-12-12T15:32:20","slug":"waffle-mikrofiber-2","status":"publish","type":"product","link":"https:\/\/royalcardetailing.al\/index.php\/product\/waffle-mikrofiber-2\/","title":{"rendered":"&#8216;Waffle&#8217; Mikrofiber"},"content":{"rendered":"<p>Madh\u00ebsia: 30&#215;30 cm<br \/>\nTrash\u00ebsia: 300 gsm<br \/>\nP\u00ebrb\u00ebrja: 80% Polyester 20% Polyamide<\/p>\n<p>&#8216;Waffle Microfiber&#8217;<br \/>\nNuk l\u00ebshon push\/ Jo-g\u00ebrryese<br \/>\nModeli  &#8216;waffle&#8217; \u00ebsht\u00eb nj\u00eb zgjedhje e shk\u00eblqyer p\u00ebr fshirjen e dritareve, qelqit dhe pasqyrave.<br \/>\nThith deri n\u00eb 8 her\u00eb pesh\u00ebn e saj n\u00eb lag\u00ebshtir\u00eb!<br \/>\nZgjidhje efektive e pastrimit &#8216;ekologjik&#8217; p\u00ebr t\u00eb hequr pluhurin dhe papast\u00ebrtit\u00eb pa p\u00ebrdorimin e kimikateve<br \/>\nGjithashtu i sigurt p\u00ebr t&#8217;u p\u00ebrdorur n\u00eb t\u00eb gjitha paisjet elektronike dhe ekranet \/ optikat etj.<br \/>\nJasht\u00ebzakonisht e q\u00ebndrueshme<br \/>\nAft\u00ebsia p\u00ebr t&#8217;i b\u00ebr\u00eb ball\u00eb qindra larjeve me kujdesin e duhur.<\/p>\n<p>Mir\u00ebmbajtja: Mund t\u00eb lahet n\u00eb lavatri\u00e7e deri n\u00eb 40 grade, pa zbut\u00ebs.<br \/>\nNgjyrat n\u00eb stok: Portokalli, Jeshile dhe Blu. <\/p>\n","protected":false},"excerpt":{"rendered":"<p>Jeshile <\/p>\n","protected":false},"featured_media":2141,"template":"","meta":[],"_links":{"self":[{"href":"https:\/\/royalcardetailing.al\/index.php\/wp-json\/wp\/v2\/product\/2140"}],"collection":[{"href":"https:\/\/royalcardetailing.al\/index.php\/wp-json\/wp\/v2\/product"}],"about":[{"href":"https:\/\/royalcardetailing.al\/index.php\/wp-json\/wp\/v2\/types\/product"}],"wp:featuredmedia":[{"embeddable":true,"href":"https:\/\/royalcardetailing.al\/index.php\/wp-json\/wp\/v2\/media\/2141"}],"wp:attachment":[{"href":"https:\/\/royalcardetailing.al\/index.php\/wp-json\/wp\/v2\/media?parent=2140"}],"curies":[{"name":"wp","href":"https:\/\/api.w.org\/{rel}","templated":true}]}}