{"id":2134,"date":"2020-12-12T15:05:23","date_gmt":"2020-12-12T15:05:23","guid":{"rendered":"https:\/\/royalcardetailing.al\/?post_type=product&#038;p=2134"},"modified":"2020-12-12T15:07:29","modified_gmt":"2020-12-12T15:07:29","slug":"coral-mikrofiber-2","status":"publish","type":"product","link":"https:\/\/royalcardetailing.al\/index.php\/product\/coral-mikrofiber-2\/","title":{"rendered":"&#8216;Coral&#8217; Mikrofiber 600 gsm"},"content":{"rendered":"<p>Madh\u00ebsia: 40&#215;60 cm<br \/>\nTrash\u00ebsia: 600 gsm<br \/>\nP\u00ebrb\u00ebrja: 80% Polyester 20% Polyamide<\/p>\n<p>&#8216;Coral Microfiber&#8217; \u00ebsht\u00eb e p\u00ebrshtatshme p\u00ebr t\u00eb pastruar sip\u00ebrfaqet e jashtme t\u00eb automjetit gjate pro\u00e7esit t\u00eb tharjes, ka veti t\u00eb larta absorbuese t\u00eb lag\u00ebshtir\u00ebs.<\/p>\n<p>Mir\u00ebmbajtja: Mund t\u00eb lahet n\u00eb lavatri\u00e7e deri n\u00eb 60 grade, pa zbut\u00ebs.<br \/>\nNgjyrat n\u00eb stok: E Verdhe\/gri dhe Blu\/gri. <\/p>\n","protected":false},"excerpt":{"rendered":"<p>Blu\/gri<\/p>\n","protected":false},"featured_media":2135,"template":"","meta":[],"_links":{"self":[{"href":"https:\/\/royalcardetailing.al\/index.php\/wp-json\/wp\/v2\/product\/2134"}],"collection":[{"href":"https:\/\/royalcardetailing.al\/index.php\/wp-json\/wp\/v2\/product"}],"about":[{"href":"https:\/\/royalcardetailing.al\/index.php\/wp-json\/wp\/v2\/types\/product"}],"wp:featuredmedia":[{"embeddable":true,"href":"https:\/\/royalcardetailing.al\/index.php\/wp-json\/wp\/v2\/media\/2135"}],"wp:attachment":[{"href":"https:\/\/royalcardetailing.al\/index.php\/wp-json\/wp\/v2\/media?parent=2134"}],"curies":[{"name":"wp","href":"https:\/\/api.w.org\/{rel}","templated":true}]}}