{"id":2127,"date":"2020-12-12T14:48:00","date_gmt":"2020-12-12T14:48:00","guid":{"rendered":"https:\/\/royalcardetailing.al\/?post_type=product&#038;p=2127"},"modified":"2020-12-12T14:49:54","modified_gmt":"2020-12-12T14:49:54","slug":"professional-mikrofiber-3","status":"publish","type":"product","link":"https:\/\/royalcardetailing.al\/index.php\/product\/professional-mikrofiber-3\/","title":{"rendered":"&#8216;Professional&#8217; Mikrofiber"},"content":{"rendered":"<p>Madh\u00ebsia: 40&#215;60 cm<br \/>\nTrash\u00ebsia: 380 gsm<br \/>\nP\u00ebrb\u00ebrja: 80% Polyester 20% Polyamide<\/p>\n<p>&#8216;Professional Microfiber&#8217; \u00ebsht\u00eb e p\u00ebrshtatshme p\u00ebr t\u00eb pastruar sip\u00ebrfaqe t\u00eb ndryshme pasi pastron shum\u00eb mir\u00eb pluhurat, ka veti perthith\u00ebse t\u00eb lart\u00eb si dhe nuk l\u00ebshon push.<br \/>\nKjo mikrofiber profesionale p\u00ebrdoret p\u00ebr mir\u00ebmbajtjen e automjetit tuaj duke pastruar siperfaqe si kroskoti, dyer, te gjitha pjeset e plastik\u00ebs si dhe sedilet e l\u00ebkur\u00ebs, mund t\u00eb perdoret e shoqeruar me solucione p\u00ebrkat\u00ebse pasi nuk i demton fibrat.<br \/>\nE p\u00ebrshtatshme dhe p\u00ebr ambjentet e sht\u00ebpis\u00eb.<\/p>\n<p>Mir\u00ebmbajtja: Mund t\u00eb lahet n\u00eb lavatri\u00e7e deri n\u00eb 60 grade, pa zbut\u00ebs.<br \/>\nNgjyrat n\u00eb stok: E Verdhe, Jeshile dhe Bojqiell. <\/p>\n","protected":false},"excerpt":{"rendered":"<p>Bojqiell<br \/>\nPecete mikrofiber shum\u00ebp\u00ebrdorimshe!<\/p>\n","protected":false},"featured_media":2128,"template":"","meta":[],"_links":{"self":[{"href":"https:\/\/royalcardetailing.al\/index.php\/wp-json\/wp\/v2\/product\/2127"}],"collection":[{"href":"https:\/\/royalcardetailing.al\/index.php\/wp-json\/wp\/v2\/product"}],"about":[{"href":"https:\/\/royalcardetailing.al\/index.php\/wp-json\/wp\/v2\/types\/product"}],"wp:featuredmedia":[{"embeddable":true,"href":"https:\/\/royalcardetailing.al\/index.php\/wp-json\/wp\/v2\/media\/2128"}],"wp:attachment":[{"href":"https:\/\/royalcardetailing.al\/index.php\/wp-json\/wp\/v2\/media?parent=2127"}],"curies":[{"name":"wp","href":"https:\/\/api.w.org\/{rel}","templated":true}]}}