{"id":920,"date":"2015-12-30T10:20:08","date_gmt":"2015-12-30T10:20:08","guid":{"rendered":"http:\/\/carwash.ancorathemes.com\/?page_id=920"},"modified":"2021-04-10T18:48:05","modified_gmt":"2021-04-10T18:48:05","slug":"about-us","status":"publish","type":"page","link":"https:\/\/royalcardetailing.al\/index.php\/about-us\/","title":{"rendered":"Rreth nesh"},"content":{"rendered":"<p>[vc_row][vc_column el_class=&#8221;short_story&#8221;][vc_column_text]Ne p\u00ebrdorim teknologjin\u00eb m\u00eb t\u00eb re t\u00eb pastrimit me avull, veshjet nanoteknologjike dhe produktet e pastrimit ekologjike t\u00eb kombinuara me praktikat m\u00eb t\u00eb mira t\u00eb detajimit dhe paisjet m\u00eb t\u00eb mira ne tregun nd\u00ebrkomb\u00ebtar\u00eb. Teknik\u00ebt tan\u00eb t\u00eb pastrimit jan\u00eb t\u00eb trajnuar dhe t\u00eb kualifikuar mir\u00eb p\u00ebr t\u00eb pastruar, detajuar, sterilizuar,higjenizuar dhe mbrojtur asetet tuaja m\u00eb t\u00eb vlefshme, n\u00eb m\u00ebnyr\u00eb q\u00eb ata t\u00eb duken dhe t\u00eb performojn\u00eb m\u00eb mir\u00eb dhe t\u00eb zgjasin m\u00eb gjat\u00eb.[\/vc_column_text][\/vc_column][\/vc_row][vc_row full_width=&#8221;stretch_row&#8221; css=&#8221;.vc_custom_1600155632653{background-color: #000000 !important;}&#8221;][vc_column][vc_single_image image=&#8221;1742&#8243; img_size=&#8221;full&#8221; title=&#8221;\u00c7ertifikim nd\u00ebrkomb\u00ebtar\u00eb p\u00ebr trajtimin me OZONE&#8221;][\/vc_column][\/vc_row][vc_row][vc_column][vc_single_image image=&#8221;2176&#8243; img_size=&#8221;large&#8221; title=&#8221;CarPro Licensed Detailer &#8220;][\/vc_column][\/vc_row]<\/p>\n","protected":false},"excerpt":{"rendered":"<p>[vc_row][vc_column el_class=&#8221;short_story&#8221;][vc_column_text]Ne p\u00ebrdorim teknologjin\u00eb m\u00eb t\u00eb re t\u00eb pastrimit me avull, veshjet nanoteknologjike dhe produktet e pastrimit ekologjike t\u00eb kombinuara me praktikat m\u00eb t\u00eb mira t\u00eb detajimit dhe paisjet m\u00eb t\u00eb mira ne tregun nd\u00ebrkomb\u00ebtar\u00eb. Teknik\u00ebt tan\u00eb t\u00eb pastrimit jan\u00eb t\u00eb trajnuar dhe t\u00eb kualifikuar mir\u00eb p\u00ebr t\u00eb pastruar, detajuar, sterilizuar,higjenizuar dhe mbrojtur asetet tuaja [&hellip;]<\/p>\n","protected":false},"author":1,"featured_media":0,"parent":0,"menu_order":0,"comment_status":"closed","ping_status":"closed","template":"","meta":[],"_links":{"self":[{"href":"https:\/\/royalcardetailing.al\/index.php\/wp-json\/wp\/v2\/pages\/920"}],"collection":[{"href":"https:\/\/royalcardetailing.al\/index.php\/wp-json\/wp\/v2\/pages"}],"about":[{"href":"https:\/\/royalcardetailing.al\/index.php\/wp-json\/wp\/v2\/types\/page"}],"author":[{"embeddable":true,"href":"https:\/\/royalcardetailing.al\/index.php\/wp-json\/wp\/v2\/users\/1"}],"replies":[{"embeddable":true,"href":"https:\/\/royalcardetailing.al\/index.php\/wp-json\/wp\/v2\/comments?post=920"}],"version-history":[{"count":2,"href":"https:\/\/royalcardetailing.al\/index.php\/wp-json\/wp\/v2\/pages\/920\/revisions"}],"predecessor-version":[{"id":2177,"href":"https:\/\/royalcardetailing.al\/index.php\/wp-json\/wp\/v2\/pages\/920\/revisions\/2177"}],"wp:attachment":[{"href":"https:\/\/royalcardetailing.al\/index.php\/wp-json\/wp\/v2\/media?parent=920"}],"curies":[{"name":"wp","href":"https:\/\/api.w.org\/{rel}","templated":true}]}}