{"id":897,"date":"2015-12-29T12:16:30","date_gmt":"2015-12-29T12:16:30","guid":{"rendered":"http:\/\/carwash.ancorathemes.com\/?page_id=897"},"modified":"2024-09-10T20:18:31","modified_gmt":"2024-09-10T20:18:31","slug":"services","status":"publish","type":"page","link":"https:\/\/royalcardetailing.al\/index.php\/services\/","title":{"rendered":"Sh\u00ebrbimet dhe \u00c7mimet"},"content":{"rendered":"<p>[vc_row][vc_column][vc_column_text]Ne p\u00ebrdorim produktet m\u00eb t\u00eb mira p\u00ebr larjen e automjeteve si dhe teknologjine m\u00eb t\u00eb re t\u00eb larjes me AVULL, p\u00ebr k\u00ebt\u00eb arsye specialist\u00ebt tan\u00eb e kthejn\u00eb automjetin tuaj si t\u00eb ri n\u00eb vet\u00ebm disa momente! Tek kjo paket\u00eb p\u00ebrfshihet larja e: Tavanit, Kroskotit, Sedileve, Dyshemese, Tapetet, Dyert, Bagazhi, Xhamat, Disqet, Gomat, Larja nga jashta.[\/vc_column_text][\/vc_column][\/vc_row][vc_row gap=&#8221;10&#8243; equal_height=&#8221;yes&#8221; content_placement=&#8221;middle&#8221;][vc_column][vc_column_text]<\/p>\n<h1 style=\"text-align: center;\"><strong><span style=\"color: #ff0000;\">Larje Baz\u00eb<\/span><\/strong><\/h1>\n<p>[\/vc_column_text][vc_row_inner][vc_column_inner width=&#8221;1\/3&#8243;][vc_single_image image=&#8221;1703&#8243; img_size=&#8221;medium&#8221; add_caption=&#8221;yes&#8221; style=&#8221;vc_box_shadow&#8221;][\/vc_column_inner][vc_column_inner width=&#8221;1\/3&#8243;][vc_column_text]<\/p>\n<h2>Smart<\/h2>\n<p>[\/vc_column_text][\/vc_column_inner][vc_column_inner width=&#8221;1\/3&#8243;][vc_column_text]<\/p>\n<h2>6000 Leke<\/h2>\n<p>[\/vc_column_text][\/vc_column_inner][\/vc_row_inner][vc_row_inner][vc_column_inner width=&#8221;1\/3&#8243;][vc_single_image image=&#8221;1700&#8243; img_size=&#8221;medium&#8221; add_caption=&#8221;yes&#8221; style=&#8221;vc_box_shadow&#8221;][\/vc_column_inner][vc_column_inner width=&#8221;1\/3&#8243;][vc_column_text]<\/p>\n<h2>Coupe<\/h2>\n<p>[\/vc_column_text][\/vc_column_inner][vc_column_inner width=&#8221;1\/3&#8243;][vc_column_text]<\/p>\n<h2>9000 Leke<\/h2>\n<p>[\/vc_column_text][\/vc_column_inner][\/vc_row_inner][vc_row_inner][vc_column_inner width=&#8221;1\/3&#8243;][vc_single_image image=&#8221;1699&#8243; img_size=&#8221;medium&#8221; add_caption=&#8221;yes&#8221; style=&#8221;vc_box_shadow&#8221;][\/vc_column_inner][vc_column_inner width=&#8221;1\/3&#8243;][vc_column_text]<\/p>\n<h2>Sedan<\/h2>\n<p>[\/vc_column_text][\/vc_column_inner][vc_column_inner width=&#8221;1\/3&#8243;][vc_column_text]<\/p>\n<h2>9000 Leke<\/h2>\n<p>[\/vc_column_text][\/vc_column_inner][\/vc_row_inner][vc_row_inner][vc_column_inner width=&#8221;1\/3&#8243;][vc_single_image image=&#8221;1702&#8243; img_size=&#8221;medium&#8221; add_caption=&#8221;yes&#8221; style=&#8221;vc_box_shadow&#8221;][\/vc_column_inner][vc_column_inner width=&#8221;1\/3&#8243;][vc_column_text]<\/p>\n<h2>Station wagon<\/h2>\n<p>[\/vc_column_text][\/vc_column_inner][vc_column_inner width=&#8221;1\/3&#8243;][vc_column_text]<\/p>\n<h2>11000 Leke<\/h2>\n<p>[\/vc_column_text][\/vc_column_inner][\/vc_row_inner][vc_row_inner][vc_column_inner width=&#8221;1\/3&#8243;][vc_single_image image=&#8221;1701&#8243; img_size=&#8221;medium&#8221; add_caption=&#8221;yes&#8221; style=&#8221;vc_box_shadow&#8221;][\/vc_column_inner][vc_column_inner width=&#8221;1\/3&#8243;][vc_column_text]<\/p>\n<h2>Fuoristrada<\/h2>\n<p>[\/vc_column_text][\/vc_column_inner][vc_column_inner width=&#8221;1\/3&#8243;][vc_column_text]<\/p>\n<h2>12000 Leke<\/h2>\n<p>[\/vc_column_text][\/vc_column_inner][\/vc_row_inner][\/vc_column][\/vc_row][vc_row gap=&#8221;35&#8243; content_placement=&#8221;middle&#8221; css=&#8221;.vc_custom_1600161912986{background-color: #000000 !important;}&#8221; el_class=&#8221;services_table&#8221;][vc_column][vc_column_text]<\/p>\n<h2 style=\"text-align: center;\"><span style=\"color: #ff0000;\"><strong>Sh\u00ebrbime Ekstra<\/strong><\/span><\/h2>\n<table style=\"height: 202px;\" width=\"600\">\n<tbody>\n<tr>\n<th><\/th>\n<th style=\"text-align: center;\"><span style=\"color: #ff0000;\">Standard<\/span><\/th>\n<th style=\"text-align: center;\"><span style=\"color: #ff0000;\">Oversize<\/span><\/th>\n<\/tr>\n<tr>\n<td>Mbrojtje p\u00ebr plastikat e br\u00ebndshme<\/td>\n<td style=\"text-align: center;\"><span class=\"red_price\">2000 Leke<\/span><\/td>\n<td style=\"text-align: center;\"><span class=\"red_price\">2500 Leke<\/span><\/td>\n<\/tr>\n<tr>\n<td>Mbrojtje p\u00ebr l\u00ebkuren<\/td>\n<td style=\"text-align: center;\"><span class=\"red_price\">2000 Leke<\/span><\/td>\n<td style=\"text-align: center;\"><span class=\"red_price\">2500 Leke<\/span><\/td>\n<\/tr>\n<tr>\n<td>Mbrotje p\u00ebr plasikat e jashtme<\/td>\n<td style=\"text-align: center;\"><span class=\"red_price\">2000 Leke<\/span><\/td>\n<td style=\"text-align: center;\"><span class=\"red_price\">2500 Leke<\/span><\/td>\n<\/tr>\n<tr>\n<td>Wax<\/td>\n<td style=\"text-align: center;\">1000 Leke<\/td>\n<td style=\"text-align: center;\"><span class=\"red_price\">1500 Leke<\/span><\/td>\n<\/tr>\n<tr>\n<td>Trajtim me Ozone<\/td>\n<td style=\"text-align: center;\" colspan=\"2\"><span class=\"red_price\">4000 &#8211; 7000 Leke<\/span><\/td>\n<\/tr>\n<tr>\n<td>Lucidim, Qeramike dhe Riparim sedileve<\/td>\n<td style=\"text-align: center;\" colspan=\"2\" rowspan=\"1\"><span class=\"red_price\">Inspektim automjetit<\/span><\/td>\n<\/tr>\n<\/tbody>\n<\/table>\n<p>[\/vc_column_text][\/vc_column][\/vc_row]<\/p>\n","protected":false},"excerpt":{"rendered":"<p>[vc_row][vc_column][vc_column_text]Ne p\u00ebrdorim produktet m\u00eb t\u00eb mira p\u00ebr larjen e automjeteve si dhe teknologjine m\u00eb t\u00eb re t\u00eb larjes me AVULL, p\u00ebr k\u00ebt\u00eb arsye specialist\u00ebt tan\u00eb e kthejn\u00eb automjetin tuaj si t\u00eb ri n\u00eb vet\u00ebm disa momente! Tek kjo paket\u00eb p\u00ebrfshihet larja e: Tavanit, Kroskotit, Sedileve, Dyshemese, Tapetet, Dyert, Bagazhi, Xhamat, Disqet, Gomat, Larja nga jashta.[\/vc_column_text][\/vc_column][\/vc_row][vc_row [&hellip;]<\/p>\n","protected":false},"author":1,"featured_media":0,"parent":0,"menu_order":0,"comment_status":"closed","ping_status":"closed","template":"","meta":[],"_links":{"self":[{"href":"https:\/\/royalcardetailing.al\/index.php\/wp-json\/wp\/v2\/pages\/897"}],"collection":[{"href":"https:\/\/royalcardetailing.al\/index.php\/wp-json\/wp\/v2\/pages"}],"about":[{"href":"https:\/\/royalcardetailing.al\/index.php\/wp-json\/wp\/v2\/types\/page"}],"author":[{"embeddable":true,"href":"https:\/\/royalcardetailing.al\/index.php\/wp-json\/wp\/v2\/users\/1"}],"replies":[{"embeddable":true,"href":"https:\/\/royalcardetailing.al\/index.php\/wp-json\/wp\/v2\/comments?post=897"}],"version-history":[{"count":7,"href":"https:\/\/royalcardetailing.al\/index.php\/wp-json\/wp\/v2\/pages\/897\/revisions"}],"predecessor-version":[{"id":2187,"href":"https:\/\/royalcardetailing.al\/index.php\/wp-json\/wp\/v2\/pages\/897\/revisions\/2187"}],"wp:attachment":[{"href":"https:\/\/royalcardetailing.al\/index.php\/wp-json\/wp\/v2\/media?parent=897"}],"curies":[{"name":"wp","href":"https:\/\/api.w.org\/{rel}","templated":true}]}}