{"id":66,"date":"2015-11-26T15:40:18","date_gmt":"2015-11-26T15:40:18","guid":{"rendered":"http:\/\/carwash.ancorathemes.com\/?page_id=7"},"modified":"2020-10-04T12:17:24","modified_gmt":"2020-10-04T12:17:24","slug":"homepage","status":"publish","type":"page","link":"https:\/\/royalcardetailing.al\/index.php\/homepage\/","title":{"rendered":"Homepage Tani"},"content":{"rendered":"<p>[vc_row][vc_column][vc_column_text]<\/p>\n<h2>Mir\u00ebsevini tek <span class=\"accent1_hover\" style=\"color: #ff0000;\"> Royal Car Detailing<\/span> , n\u00eb sh\u00ebrbimin tuaj qe nga<span class=\"accent1_hover\" style=\"color: #ff0000;\"> 2019<\/span><\/h2>\n<p><span style=\"line-height: 1.125em;\"><span class=\"accent1_hover\">Kush jemi ne:<\/span> Ne p\u00ebrdorim teknologjin\u00eb m\u00eb t\u00eb re t\u00eb pastrimit me avull, veshjet nanoteknologjike dhe produktet e pastrimit ekologjike t\u00eb kombinuara me praktikat m\u00eb t\u00eb mira t\u00eb detajimit dhe paisjet m\u00eb t\u00eb mira ne tregun nd\u00ebrkomb\u00ebtar\u00eb. Teknik\u00ebt tan\u00eb t\u00eb pastrimit jan\u00eb t\u00eb trajnuar dhe t\u00eb kualifikuar mir\u00eb p\u00ebr t\u00eb pastruar, detajuar, sterilizuar,higjenizuar dhe mbrojtur asetet tuaja m\u00eb t\u00eb vlefshme, n\u00eb m\u00ebnyr\u00eb q\u00eb ata t\u00eb duken dhe t\u00eb performojn\u00eb m\u00eb mir\u00eb dhe t\u00eb zgjasin m\u00eb gjat\u00eb..<\/span>[\/vc_column_text][\/vc_column][\/vc_row][vc_row full_height=&#8221;yes&#8221; equal_height=&#8221;yes&#8221; content_placement=&#8221;top&#8221;][vc_column css_animation=&#8221;none&#8221;][vc_basic_grid post_type=&#8221;post&#8221; max_items=&#8221;10&#8243; style=&#8221;load-more&#8221; order=&#8221;ASC&#8221; item=&#8221;1888&#8243; initial_loading_animation=&#8221;none&#8221; btn_title=&#8221;Lexo me shume &#8230;&#8221; btn_style=&#8221;3d&#8221; btn_i_icon_fontawesome=&#8221;fa fa-plus&#8221; btn_add_icon=&#8221;true&#8221; grid_id=&#8221;vc_gid:1601673485954-5627bdb466c70497d5dcff5acd96ece1-4&#8243; taxonomies=&#8221;21&#8243;][\/vc_column][\/vc_row][vc_row full_width=&#8221;stretch_row&#8221; full_height=&#8221;yes&#8221; equal_height=&#8221;yes&#8221; content_placement=&#8221;middle&#8221; css=&#8221;.vc_custom_1601369221283{background-color: #000000 !important;background-position: 0 0 !important;background-repeat: no-repeat !important;}&#8221;][vc_column css_animation=&#8221;none&#8221; css=&#8221;.vc_custom_1601109739146{background-color: #000000 !important;background-position: 0 0 !important;background-repeat: no-repeat !important;}&#8221;][vc_gallery type=&#8221;flexslider_slide&#8221; interval=&#8221;3&#8243; images=&#8221;1664,1663,1665,1668,1659&#8243; img_size=&#8221;full&#8221; onclick=&#8221;&#8221; css=&#8221;.vc_custom_1601369263000{background-color: #000000 !important;background-position: 0 0 !important;background-repeat: no-repeat !important;}&#8221;][\/vc_column][\/vc_row]<\/p>\n","protected":false},"excerpt":{"rendered":"<p>[vc_row][vc_column][vc_column_text] Mir\u00ebsevini tek Royal Car Detailing , n\u00eb sh\u00ebrbimin tuaj qe nga 2019 Kush jemi ne: Ne p\u00ebrdorim teknologjin\u00eb m\u00eb t\u00eb re t\u00eb pastrimit me avull, veshjet nanoteknologjike dhe produktet e pastrimit ekologjike t\u00eb kombinuara me praktikat m\u00eb t\u00eb mira t\u00eb detajimit dhe paisjet m\u00eb t\u00eb mira ne tregun nd\u00ebrkomb\u00ebtar\u00eb. Teknik\u00ebt tan\u00eb t\u00eb pastrimit jan\u00eb [&hellip;]<\/p>\n","protected":false},"author":1,"featured_media":0,"parent":0,"menu_order":0,"comment_status":"closed","ping_status":"closed","template":"","meta":[],"_links":{"self":[{"href":"https:\/\/royalcardetailing.al\/index.php\/wp-json\/wp\/v2\/pages\/66"}],"collection":[{"href":"https:\/\/royalcardetailing.al\/index.php\/wp-json\/wp\/v2\/pages"}],"about":[{"href":"https:\/\/royalcardetailing.al\/index.php\/wp-json\/wp\/v2\/types\/page"}],"author":[{"embeddable":true,"href":"https:\/\/royalcardetailing.al\/index.php\/wp-json\/wp\/v2\/users\/1"}],"replies":[{"embeddable":true,"href":"https:\/\/royalcardetailing.al\/index.php\/wp-json\/wp\/v2\/comments?post=66"}],"version-history":[{"count":2,"href":"https:\/\/royalcardetailing.al\/index.php\/wp-json\/wp\/v2\/pages\/66\/revisions"}],"predecessor-version":[{"id":1982,"href":"https:\/\/royalcardetailing.al\/index.php\/wp-json\/wp\/v2\/pages\/66\/revisions\/1982"}],"wp:attachment":[{"href":"https:\/\/royalcardetailing.al\/index.php\/wp-json\/wp\/v2\/media?parent=66"}],"curies":[{"name":"wp","href":"https:\/\/api.w.org\/{rel}","templated":true}]}}