{"id":1964,"date":"2020-10-04T10:52:59","date_gmt":"2020-10-04T10:52:59","guid":{"rendered":"https:\/\/royalcardetailing.al\/?page_id=1964"},"modified":"2020-10-15T18:40:43","modified_gmt":"2020-10-15T18:40:43","slug":"homepage-dp","status":"publish","type":"page","link":"https:\/\/royalcardetailing.al\/","title":{"rendered":""},"content":{"rendered":"<p>[vc_row][vc_column]\n\t\t\t<!-- START Royal Car Detailing REVOLUTION SLIDER 6.2.22 --><p class=\"rs-p-wp-fix\"><\/p>\n\t\t\t<rs-module-wrap id=\"rev_slider_5_1_wrapper\" data-source=\"gallery\" style=\"background:transparent;padding:0;\">\n\t\t\t\t<rs-module id=\"rev_slider_5_1\" style=\"\" data-version=\"6.2.22\">\n\t\t\t\t\t<rs-slides>\n\t\t\t\t\t\t<rs-slide data-key=\"rs-5\" data-title=\"Slide\" data-anim=\"ei:d;eo:d;s:1000ms;r:0;t:slidingoverlaydown;sl:d;\" data-beforeafter='{\"bgColor\":\"#e7e7e7\",\"bgType\":\"image\",\"bgImage\":\"https:\\\/\\\/royalcardetailing.al\\\/wp-content\\\/uploads\\\/revslider\\\/Classic-Cars-Evolution\\\/after-bg.jpg\",\"bgFit\":\"cover\",\"bgPos\":\"center center\",\"moveto\":\"50%|50%|50%|50%\",\"bgRepeat\":\"no-repeat\",\"direction\":\"horizontal\",\"easing\":\"power2.inOut\",\"delay\":500,\"time\":750,\"out\":\"fade\",\"carousel\":false}'>\n\t\t\t\t\t\t\t<img src=\"\/\/royalcardetailing.al\/wp-content\/uploads\/revslider\/Classic-Cars-Evolution\/before-bg.jpg\" title=\"before-bg.jpg\" width=\"1920\" height=\"1103\" class=\"rev-slidebg\" data-no-retina>\n<!--\n\t\t\t\t\t\t\t--><rs-layer\n\t\t\t\t\t\t\t\tid=\"slider-5-slide-5-layer-2\" \n\t\t\t\t\t\t\t\tdata-type=\"image\"\n\t\t\t\t\t\t\t\tdata-rsp_ch=\"on\"\n\t\t\t\t\t\t\t\tdata-xy=\"x:c;xo:0,-2px,3px,0;y:b,m,m,m;yo:72px,290px,225px,138px;\"\n\t\t\t\t\t\t\t\tdata-text=\"w:normal;s:20,20,15,9;l:0,0,19,11;\"\n\t\t\t\t\t\t\t\tdata-dim=\"w:1000px,1000px,778px,480px;h:287px,287px,223px,137px;\"\n\t\t\t\t\t\t\t\tdata-basealign=\"slide\"\n\t\t\t\t\t\t\t\tdata-btrans=\"rX:180;o:0.12;\"\n\t\t\t\t\t\t\t\tdata-blendmode=\"lighten\"\n\t\t\t\t\t\t\t\tdata-frame_0=\"x:right;o:1;blu:5px;\"\n\t\t\t\t\t\t\t\tdata-frame_1=\"st:500;sp:1500;sR:500;blu:3px;\"\n\t\t\t\t\t\t\t\tdata-frame_999=\"o:0;st:w;sR:7000;\"\n\t\t\t\t\t\t\t\tdata-beforeafter=\"before\" \n\t\t\t\t\t\t\t\tstyle=\"z-index:12;\"\n\t\t\t\t\t\t\t><img src=\"\/\/royalcardetailing.al\/wp-content\/uploads\/before-car-copy.png\" width=\"1000\" height=\"287\" data-no-retina> \n\t\t\t\t\t\t\t<\/rs-layer><!--\n\n\t\t\t\t\t\t\t--><rs-layer\n\t\t\t\t\t\t\t\tid=\"slider-5-slide-5-layer-3\" \n\t\t\t\t\t\t\t\tdata-type=\"text\"\n\t\t\t\t\t\t\t\tdata-rsp_ch=\"on\"\n\t\t\t\t\t\t\t\tdata-xy=\"x:c;y:b,m,m,m;yo:517px,-150px,-116px,-71px;\"\n\t\t\t\t\t\t\t\tdata-text=\"s:300,250,194,119;l:300,300,233,143;ls:-7px,-7px,-5px,-3px;\"\n\t\t\t\t\t\t\t\tdata-basealign=\"slide\"\n\t\t\t\t\t\t\t\tdata-frame_0=\"x:100%;o:1;\"\n\t\t\t\t\t\t\t\tdata-frame_0_mask=\"u:t;x:-100%;\"\n\t\t\t\t\t\t\t\tdata-frame_1=\"sp:1000;\"\n\t\t\t\t\t\t\t\tdata-frame_1_mask=\"u:t;\"\n\t\t\t\t\t\t\t\tdata-frame_999=\"o:0;st:w;sR:8000;\"\n\t\t\t\t\t\t\t\tdata-beforeafter=\"before\" \n\t\t\t\t\t\t\t\tstyle=\"z-index:8;font-family:Anton;\"\n\t\t\t\t\t\t\t>PARA \n\t\t\t\t\t\t\t<\/rs-layer><!--\n\n\t\t\t\t\t\t\t--><rs-layer\n\t\t\t\t\t\t\t\tid=\"slider-5-slide-5-layer-6\" \n\t\t\t\t\t\t\t\tdata-type=\"shape\"\n\t\t\t\t\t\t\t\tdata-rsp_ch=\"on\"\n\t\t\t\t\t\t\t\tdata-xy=\"y:b;yo:0,-121px,1px,-65px;\"\n\t\t\t\t\t\t\t\tdata-text=\"w:normal;s:20,20,15,9;l:0,0,19,11;\"\n\t\t\t\t\t\t\t\tdata-dim=\"w:100%;h:400px,424px,418px,385px;\"\n\t\t\t\t\t\t\t\tdata-vbility=\"t,f,f,t\"\n\t\t\t\t\t\t\t\tdata-basealign=\"slide\"\n\t\t\t\t\t\t\t\tdata-frame_0=\"y:bottom;\"\n\t\t\t\t\t\t\t\tdata-frame_1=\"sp:1000;\"\n\t\t\t\t\t\t\t\tdata-frame_999=\"o:0;st:w;sR:8000;\"\n\t\t\t\t\t\t\t\tdata-beforeafter=\"before\" \n\t\t\t\t\t\t\t\tstyle=\"z-index:10;background-color:#000000;\"\n\t\t\t\t\t\t\t> \n\t\t\t\t\t\t\t<\/rs-layer><!--\n\n\t\t\t\t\t\t\t--><rs-layer\n\t\t\t\t\t\t\t\tid=\"slider-5-slide-5-layer-7\" \n\t\t\t\t\t\t\t\tdata-type=\"shape\"\n\t\t\t\t\t\t\t\tdata-rsp_ch=\"on\"\n\t\t\t\t\t\t\t\tdata-xy=\"xo:0,0,1px,0;y:b;yo:0,-124px,-96px,-65px;\"\n\t\t\t\t\t\t\t\tdata-text=\"w:normal;s:20,20,15,9;l:0,0,19,11;\"\n\t\t\t\t\t\t\t\tdata-dim=\"w:100%;h:400px,426px,516px,382px;\"\n\t\t\t\t\t\t\t\tdata-basealign=\"slide\"\n\t\t\t\t\t\t\t\tdata-frame_0=\"y:bottom;\"\n\t\t\t\t\t\t\t\tdata-frame_1=\"sp:1000;\"\n\t\t\t\t\t\t\t\tdata-frame_999=\"o:0;st:w;sR:8000;\"\n\t\t\t\t\t\t\t\tdata-beforeafter=\"after\" \n\t\t\t\t\t\t\t\tstyle=\"z-index:13;background-color:#000000;\"\n\t\t\t\t\t\t\t> \n\t\t\t\t\t\t\t<\/rs-layer><!--\n\n\t\t\t\t\t\t\t--><rs-layer\n\t\t\t\t\t\t\t\tid=\"slider-5-slide-5-layer-8\" \n\t\t\t\t\t\t\t\tdata-type=\"image\"\n\t\t\t\t\t\t\t\tdata-rsp_ch=\"on\"\n\t\t\t\t\t\t\t\tdata-xy=\"x:c;xo:0,-1px,0,0;y:b,m,m,m;yo:330px,0,0,0;\"\n\t\t\t\t\t\t\t\tdata-text=\"w:normal;s:20,20,15,9;l:0,0,19,11;\"\n\t\t\t\t\t\t\t\tdata-dim=\"w:1000px,1000px,778px,480px;h:287px,287px,223px,137px;\"\n\t\t\t\t\t\t\t\tdata-basealign=\"slide\"\n\t\t\t\t\t\t\t\tdata-frame_999=\"o:0;st:w;sR:8700;\"\n\t\t\t\t\t\t\t\tdata-beforeafter=\"after\" \n\t\t\t\t\t\t\t\tstyle=\"z-index:15;\"\n\t\t\t\t\t\t\t><img src=\"\/\/royalcardetailing.al\/wp-content\/uploads\/revslider\/Classic-Cars-Evolution\/after-car.png\" width=\"1000\" height=\"287\" data-no-retina> \n\t\t\t\t\t\t\t<\/rs-layer><!--\n\n\t\t\t\t\t\t\t--><rs-layer\n\t\t\t\t\t\t\t\tid=\"slider-5-slide-5-layer-9\" \n\t\t\t\t\t\t\t\tdata-type=\"image\"\n\t\t\t\t\t\t\t\tdata-rsp_ch=\"on\"\n\t\t\t\t\t\t\t\tdata-xy=\"x:c;xo:0,0,1px,0;y:b,m,m,m;yo:70px,287px,223px,137px;\"\n\t\t\t\t\t\t\t\tdata-text=\"w:normal;s:20,20,15,9;l:0,0,19,11;\"\n\t\t\t\t\t\t\t\tdata-dim=\"w:1000px,1000px,778px,480px;h:287px,287px,223px,137px;\"\n\t\t\t\t\t\t\t\tdata-basealign=\"slide\"\n\t\t\t\t\t\t\t\tdata-btrans=\"rX:180;o:0.12;\"\n\t\t\t\t\t\t\t\tdata-blendmode=\"lighten\"\n\t\t\t\t\t\t\t\tdata-frame_0=\"o:1;blu:3px;\"\n\t\t\t\t\t\t\t\tdata-frame_1=\"blu:3px;\"\n\t\t\t\t\t\t\t\tdata-frame_999=\"o:0;st:w;sR:8700;\"\n\t\t\t\t\t\t\t\tdata-beforeafter=\"after\" \n\t\t\t\t\t\t\t\tstyle=\"z-index:16;\"\n\t\t\t\t\t\t\t><img src=\"\/\/royalcardetailing.al\/wp-content\/uploads\/revslider\/Classic-Cars-Evolution\/after-car.png\" width=\"1000\" height=\"287\" data-no-retina> \n\t\t\t\t\t\t\t<\/rs-layer><!--\n\n\t\t\t\t\t\t\t--><rs-layer\n\t\t\t\t\t\t\t\tid=\"slider-5-slide-5-layer-10\" \n\t\t\t\t\t\t\t\tdata-type=\"text\"\n\t\t\t\t\t\t\t\tdata-color=\"#fd0178\"\n\t\t\t\t\t\t\t\tdata-rsp_ch=\"on\"\n\t\t\t\t\t\t\t\tdata-xy=\"x:c;xo:-50px,0,0,0;y:b,m,m,m;yo:517px,-150px,-116px,-71px;\"\n\t\t\t\t\t\t\t\tdata-text=\"s:300,250,194,119;l:300,300,233,143;ls:-7px,-7px,-5px,-3px;\"\n\t\t\t\t\t\t\t\tdata-basealign=\"slide\"\n\t\t\t\t\t\t\t\tdata-frame_0=\"o:1;\"\n\t\t\t\t\t\t\t\tdata-frame_999=\"o:0;st:w;sR:8700;\"\n\t\t\t\t\t\t\t\tdata-beforeafter=\"after\" \n\t\t\t\t\t\t\t\tstyle=\"z-index:14;font-family:Anton;background:-webkit-linear-gradient(#fd0178, #d4048e);-webkit-background-clip:text;-webkit-text-fill-color:transparent;\"\n\t\t\t\t\t\t\t>PAS \n\t\t\t\t\t\t\t<\/rs-layer><!--\n\n\t\t\t\t\t\t\t--><rs-layer\n\t\t\t\t\t\t\t\tid=\"slider-5-slide-5-layer-12\" \n\t\t\t\t\t\t\t\tdata-type=\"image\"\n\t\t\t\t\t\t\t\tdata-rsp_ch=\"on\"\n\t\t\t\t\t\t\t\tdata-xy=\"x:c;xo:0,0,2px,0;y:b,m,m,m;yo:330px,0,0,1px;\"\n\t\t\t\t\t\t\t\tdata-text=\"w:normal;s:20,20,15,9;l:0,0,19,11;\"\n\t\t\t\t\t\t\t\tdata-dim=\"w:1000px,1000px,778px,480px;h:287px,287px,223px,137px;\"\n\t\t\t\t\t\t\t\tdata-basealign=\"slide\"\n\t\t\t\t\t\t\t\tdata-frame_0=\"x:right;o:1;blu:5px;\"\n\t\t\t\t\t\t\t\tdata-frame_1=\"st:500;sp:1500;sR:500;\"\n\t\t\t\t\t\t\t\tdata-frame_999=\"o:0;st:w;sR:7000;\"\n\t\t\t\t\t\t\t\tdata-beforeafter=\"before\" \n\t\t\t\t\t\t\t\tstyle=\"z-index:11;\"\n\t\t\t\t\t\t\t><img src=\"\/\/royalcardetailing.al\/wp-content\/uploads\/before-car-copy.png\" width=\"1000\" height=\"287\" data-no-retina> \n\t\t\t\t\t\t\t<\/rs-layer><!--\n\n\t\t\t\t\t\t\t--><rs-layer\n\t\t\t\t\t\t\t\tid=\"slider-5-slide-5-layer-15\" \n\t\t\t\t\t\t\t\tdata-type=\"shape\"\n\t\t\t\t\t\t\t\tdata-rsp_ch=\"on\"\n\t\t\t\t\t\t\t\tdata-xy=\"xo:-52px,-406px,-375px,-278px;yo:499px,464px,541px,398px;\"\n\t\t\t\t\t\t\t\tdata-text=\"w:normal;s:20,20,15,9;l:0,0,19,11;\"\n\t\t\t\t\t\t\t\tdata-dim=\"w:1072px,1906px,1634px,1049px;h:399px,1064px,1090px,418px;\"\n\t\t\t\t\t\t\t\tdata-frame_0=\"x:0,0px,0px,0px;y:0,0px,0px,0px;\"\n\t\t\t\t\t\t\t\tdata-frame_1=\"x:0,0px,0px,0px;y:0,0px,0px,0px;sp:1000;\"\n\t\t\t\t\t\t\t\tdata-frame_999=\"o:0;st:w;sR:8000;\"\n\t\t\t\t\t\t\t\tdata-beforeafter=\"before\" \n\t\t\t\t\t\t\t\tstyle=\"z-index:9;background-color:#000000;\"\n\t\t\t\t\t\t\t> \n\t\t\t\t\t\t\t<\/rs-layer><!--\n-->\t\t\t\t\t\t<\/rs-slide>\n\t\t\t\t\t<\/rs-slides>\n\t\t\t\t\t<rs-static-layers><!--\n\n\t\t\t\t\t\t\t--><rs-layer\n\t\t\t\t\t\t\t\tid=\"slider-5-slide-5-layer-18\" \n\t\t\t\t\t\t\t\tclass=\"rs-layer-static\"\n\t\t\t\t\t\t\t\tdata-type=\"text\"\n\t\t\t\t\t\t\t\tdata-rsp_ch=\"on\"\n\t\t\t\t\t\t\t\tdata-xy=\"x:c;y:b;yo:200px,200px,155px,95px;\"\n\t\t\t\t\t\t\t\tdata-text=\"w:normal;s:70,90,70,43;l:70,90,70,43;ls:-3px,-3px,-2px,-1px;\"\n\t\t\t\t\t\t\t\tdata-basealign=\"slide\"\n\t\t\t\t\t\t\t\tdata-onslides=\"s:-1;e:-1;\"\n\t\t\t\t\t\t\t\tdata-frame_0=\"y:100%;\"\n\t\t\t\t\t\t\t\tdata-frame_0_mask=\"u:t;\"\n\t\t\t\t\t\t\t\tdata-frame_1=\"sp:1200;\"\n\t\t\t\t\t\t\t\tdata-frame_1_mask=\"u:t;\"\n\t\t\t\t\t\t\t\tdata-frame_999=\"o:0;st:w;sR:7800;\"\n\t\t\t\t\t\t\t\tstyle=\"z-index:9;font-family:Georgia, serif;\"\n\t\t\t\t\t\t\t>R O Y A L \n\t\t\t\t\t\t\t<\/rs-layer><!--\n\n\t\t\t\t\t\t\t--><rs-layer\n\t\t\t\t\t\t\t\tid=\"slider-5-slide-5-layer-19\" \n\t\t\t\t\t\t\t\tclass=\"rs-layer-static\"\n\t\t\t\t\t\t\t\tdata-type=\"text\"\n\t\t\t\t\t\t\t\tdata-color=\"#ff0000\"\n\t\t\t\t\t\t\t\tdata-rsp_ch=\"on\"\n\t\t\t\t\t\t\t\tdata-xy=\"x:c;xo:4px,4px,3px,1px;y:b;yo:162px,140px,108px,66px;\"\n\t\t\t\t\t\t\t\tdata-text=\"w:normal;s:20,40,31,19;l:25,40,31,19;ls:10px,10px,7px,4px;\"\n\t\t\t\t\t\t\t\tdata-basealign=\"slide\"\n\t\t\t\t\t\t\t\tdata-onslides=\"s:-1;e:-1;\"\n\t\t\t\t\t\t\t\tdata-frame_0=\"y:-100%;\"\n\t\t\t\t\t\t\t\tdata-frame_0_mask=\"u:t;\"\n\t\t\t\t\t\t\t\tdata-frame_1=\"sp:1200;\"\n\t\t\t\t\t\t\t\tdata-frame_1_mask=\"u:t;\"\n\t\t\t\t\t\t\t\tdata-frame_999=\"o:0;st:w;sR:7800;\"\n\t\t\t\t\t\t\t\tstyle=\"z-index:10;font-family:'Arial Black', Gadget, sans-serif;text-transform:uppercase;\"\n\t\t\t\t\t\t\t>CAR DETAILING \n\t\t\t\t\t\t\t<\/rs-layer><!--\n\t\t\t\t\t--><\/rs-static-layers>\n\t\t\t\t<\/rs-module>\n\t\t\t\t<script type=\"text\/javascript\">\n\t\t\t\t\tsetREVStartSize({c: 'rev_slider_5_1',rl:[1240,1024,778,480],el:[900,768,960,720],gw:[1000,1000,778,480],gh:[900,768,960,720],type:'hero',justify:'',layout:'fullscreen',offsetContainer:'',offset:'',mh:\"0\"});\n\t\t\t\t\tvar\trevapi5,\n\t\t\t\t\t\ttpj;\n\t\t\t\t\tfunction revinit_revslider51() {\n\t\t\t\t\tjQuery(function() {\n\t\t\t\t\t\ttpj = jQuery;\n\t\t\t\t\t\trevapi5 = tpj(\"#rev_slider_5_1\");\n\t\t\t\t\t\tif(revapi5==undefined || revapi5.revolution == undefined){\n\t\t\t\t\t\t\trevslider_showDoubleJqueryError(\"rev_slider_5_1\");\n\t\t\t\t\t\t}else{\n\t\t\t\t\t\t\trevapi5.revolution({\n\t\t\t\t\t\t\t\tsliderType:\"hero\",\n\t\t\t\t\t\t\t\tsliderLayout:\"fullscreen\",\n\t\t\t\t\t\t\t\tvisibilityLevels:\"1240,1024,778,480\",\n\t\t\t\t\t\t\t\tgridwidth:\"1000,1000,778,480\",\n\t\t\t\t\t\t\t\tgridheight:\"900,768,960,720\",\n\t\t\t\t\t\t\t\tspinner:\"spinner0\",\n\t\t\t\t\t\t\t\tperspective:600,\n\t\t\t\t\t\t\t\tperspectiveType:\"local\",\n\t\t\t\t\t\t\t\teditorheight:\"900,768,960,720\",\n\t\t\t\t\t\t\t\tresponsiveLevels:\"1240,1024,778,480\",\n\t\t\t\t\t\t\t\tprogressBar:{disableProgressBar:true},\n\t\t\t\t\t\t\t\tnavigation: {\n\t\t\t\t\t\t\t\t\tonHoverStop:false\n\t\t\t\t\t\t\t\t},\n\t\t\t\t\t\t\t\tfallbacks: {\n\t\t\t\t\t\t\t\t\tallowHTML5AutoPlayOnAndroid:true\n\t\t\t\t\t\t\t\t},\n\t\t\t\t\t\t\t});\n\t\t\t\t\t\t}\n\t\t\t\t\t\t\n\t\t\t\t\t\tif(typeof RevSliderBeforeAfter !== \"undefined\") {\n    \t\t\t\t\t\tRevSliderBeforeAfter(tpj, revapi5, {\n        \t\t\t\t\t\tarrowStyles: {\n            \t\t\t\t\t\tleftIcon: \"fa-caret-left\",\n            \t\t\t\t\t\trightIcon: \"fa-caret-right\",\n            \t\t\t\t\t\ttopIcon: \"fa-caret-up\",\n            \t\t\t\t\t\tbottomIcon: \"fa-caret-down\",\n            \t\t\t\t\t\tsize: \"30\",\n            \t\t\t\t\t\tcolor: \"#ffffff\",\n            \t\t\t\t\t\tbgColor: \"rgba(253, 1, 120, 0)\",\n            \t\t\t\t\t\tspacing: \"15px\",\n            \t\t\t\t\t\tpadding: \"15px\",\n            \t\t\t\t\t\tborderRadius: \"0\"\n        \t\t\t\t\t\t},\n        \t\t\t\t\t\tdividerStyles: {\n            \t\t\t\t\t\twidth: \"1\",\n            \t\t\t\t\t\tcolor: \"rgba(255, 255, 255, 0.5)\"\n        \t\t\t\t\t\t},\n        \t\t\t\t\t\tonClick: {\n            \t\t\t\t\t\ttime: \"500ms\",\n            \t\t\t\t\t\teasing: \"power2.out\"\n        \t\t\t\t\t\t},\n        \t\t\t\t\t\tcursor: \"pointer\",\n        \t\t\t\t\t\tcarousel: false\n    \t\t\t\t\t\t});\n\t\t\t\t\t\t}\n\n\t\t\t\t\t});\n\t\t\t\t\t} \/\/ End of RevInitScript\n\t\t\t\tvar once_revslider51 = false;\n\t\t\t\tif (document.readyState === \"loading\") {document.addEventListener('readystatechange',function() { if((document.readyState === \"interactive\" || document.readyState === \"complete\") && !once_revslider51 ) { once_revslider51 = true; revinit_revslider51();}});} else {once_revslider51 = true; revinit_revslider51();}\n\t\t\t\t<\/script>\n\t\t\t<\/rs-module-wrap>\n\t\t\t<!-- END REVOLUTION SLIDER -->\n[\/vc_column][\/vc_row][vc_row][vc_column][vc_column_text]<\/p>\n<h2>N\u00eb sh\u00ebrbimin tuaj q\u00eb nga<span class=\"accent1_hover\">\u00a0<span style=\"color: #ff0000;\">2019<\/span><\/span><\/h2>\n<p><span class=\"accent1_hover\" style=\"color: #ff0000;\">Kush jemi ne:<\/span> Ne p\u00ebrdorim teknologjin\u00eb m\u00eb t\u00eb re t\u00eb pastrimit me avull, veshjet nanoteknologjike dhe produktet e pastrimit ekologjike t\u00eb kombinuara me praktikat m\u00eb t\u00eb mira t\u00eb detajimit dhe paisjet m\u00eb t\u00eb mira ne tregun nd\u00ebrkomb\u00ebtar\u00eb. Teknik\u00ebt tan\u00eb t\u00eb pastrimit jan\u00eb t\u00eb trajnuar dhe t\u00eb kualifikuar mir\u00eb p\u00ebr t\u00eb pastruar, detajuar, sterilizuar,higjenizuar dhe mbrojtur asetet tuaja m\u00eb t\u00eb vlefshme, n\u00eb m\u00ebnyr\u00eb q\u00eb ata t\u00eb duken dhe t\u00eb performojn\u00eb m\u00eb mir\u00eb dhe t\u00eb zgjasin m\u00eb gjat\u00eb&#8230;[\/vc_column_text][\/vc_column][\/vc_row][vc_row][vc_column width=&#8221;1\/3&#8243;][vc_single_image image=&#8221;1666&#8243; img_size=&#8221;medium&#8221; alignment=&#8221;center&#8221; onclick=&#8221;custom_link&#8221; css_animation=&#8221;zoomIn&#8221; title=&#8221;Larje me Avull&#8221; link=&#8221;https:\/\/royalcardetailing.al\/index.php\/2020\/09\/15\/larje-me-avull\/&#8221;][\/vc_column][vc_column width=&#8221;1\/3&#8243;][vc_single_image image=&#8221;1658&#8243; img_size=&#8221;medium&#8221; alignment=&#8221;center&#8221; onclick=&#8221;custom_link&#8221; css_animation=&#8221;zoomIn&#8221; title=&#8221;Ozone&#8221; link=&#8221;https:\/\/royalcardetailing.al\/index.php\/2020\/09\/15\/ozone\/&#8221;][\/vc_column][vc_column width=&#8221;1\/3&#8243;][vc_single_image image=&#8221;1661&#8243; img_size=&#8221;medium&#8221; alignment=&#8221;center&#8221; onclick=&#8221;custom_link&#8221; css_animation=&#8221;zoomIn&#8221; title=&#8221;Riparim dhe Lyerje L\u00ebkure&#8221; link=&#8221;https:\/\/royalcardetailing.al\/index.php\/2020\/09\/15\/riparim-lyerje-lekure\/&#8221;][\/vc_column][\/vc_row][vc_row][vc_column width=&#8221;1\/3&#8243;][vc_single_image image=&#8221;1660&#8243; img_size=&#8221;medium&#8221; alignment=&#8221;center&#8221; onclick=&#8221;custom_link&#8221; css_animation=&#8221;zoomIn&#8221; title=&#8221;Lucidim&#8221; link=&#8221;https:\/\/royalcardetailing.al\/index.php\/2020\/09\/15\/lucidim\/&#8221;][\/vc_column][vc_column width=&#8221;1\/3&#8243;][vc_single_image image=&#8221;1657&#8243; img_size=&#8221;medium&#8221; alignment=&#8221;center&#8221; onclick=&#8221;custom_link&#8221; css_animation=&#8221;zoomIn&#8221; title=&#8221;Qeramik\u00eb \/ Paint Sealent&#8221; link=&#8221;https:\/\/royalcardetailing.al\/index.php\/2020\/09\/15\/qeramike-paint-sealent\/&#8221;][\/vc_column][vc_column width=&#8221;1\/3&#8243;][vc_single_image image=&#8221;1662&#8243; img_size=&#8221;medium&#8221; alignment=&#8221;center&#8221; onclick=&#8221;custom_link&#8221; css_animation=&#8221;zoomIn&#8221; title=&#8221;Glass Sealent&#8221; link=&#8221;https:\/\/royalcardetailing.al\/index.php\/2020\/09\/15\/aplikim-mbrojtes-hidrofobik-glass-sealent\/&#8221;][\/vc_column][\/vc_row]<\/p>\n","protected":false},"excerpt":{"rendered":"<p>[vc_row][vc_column][\/vc_column][\/vc_row][vc_row][vc_column][vc_column_text] N\u00eb sh\u00ebrbimin tuaj q\u00eb nga\u00a02019 Kush jemi ne: Ne p\u00ebrdorim teknologjin\u00eb m\u00eb t\u00eb re t\u00eb pastrimit me avull, veshjet nanoteknologjike dhe produktet e pastrimit ekologjike t\u00eb kombinuara me praktikat m\u00eb t\u00eb mira t\u00eb detajimit dhe paisjet m\u00eb t\u00eb mira ne tregun nd\u00ebrkomb\u00ebtar\u00eb. Teknik\u00ebt tan\u00eb t\u00eb pastrimit jan\u00eb t\u00eb trajnuar dhe t\u00eb kualifikuar mir\u00eb p\u00ebr [&hellip;]<\/p>\n","protected":false},"author":1,"featured_media":0,"parent":0,"menu_order":0,"comment_status":"closed","ping_status":"closed","template":"","meta":[],"_links":{"self":[{"href":"https:\/\/royalcardetailing.al\/index.php\/wp-json\/wp\/v2\/pages\/1964"}],"collection":[{"href":"https:\/\/royalcardetailing.al\/index.php\/wp-json\/wp\/v2\/pages"}],"about":[{"href":"https:\/\/royalcardetailing.al\/index.php\/wp-json\/wp\/v2\/types\/page"}],"author":[{"embeddable":true,"href":"https:\/\/royalcardetailing.al\/index.php\/wp-json\/wp\/v2\/users\/1"}],"replies":[{"embeddable":true,"href":"https:\/\/royalcardetailing.al\/index.php\/wp-json\/wp\/v2\/comments?post=1964"}],"version-history":[{"count":35,"href":"https:\/\/royalcardetailing.al\/index.php\/wp-json\/wp\/v2\/pages\/1964\/revisions"}],"predecessor-version":[{"id":2067,"href":"https:\/\/royalcardetailing.al\/index.php\/wp-json\/wp\/v2\/pages\/1964\/revisions\/2067"}],"wp:attachment":[{"href":"https:\/\/royalcardetailing.al\/index.php\/wp-json\/wp\/v2\/media?parent=1964"}],"curies":[{"name":"wp","href":"https:\/\/api.w.org\/{rel}","templated":true}]}}