{"id":1692,"date":"2020-09-13T17:38:35","date_gmt":"2020-09-13T17:38:35","guid":{"rendered":"https:\/\/royalcardetailing.al\/?page_id=1692"},"modified":"2020-09-13T17:38:36","modified_gmt":"2020-09-13T17:38:36","slug":"si-funksionon","status":"publish","type":"page","link":"https:\/\/royalcardetailing.al\/index.php\/si-funksionon\/","title":{"rendered":"si funksionon"},"content":{"rendered":"\n<p>&#8212;Hapi i par\u00eb. Na telefononi.<\/p>\n\n\n\n<p>Operator\u00ebt tan\u00eb me k\u00ebnaq\u00ebsi u p\u00ebrgjigjen t\u00eb gjitha pyetjeve tuaja n\u00eb lidhje me pro\u00e7esin. Ata do t\u00eb gjejn\u00eb koh\u00ebn dhe dit\u00ebn m\u00eb t\u00eb mir\u00eb p\u00ebr t\u00eb p\u00ebrmbushur nevojat tuaja.<\/p>\n\n\n\n<p>&#8212;Hapi i Dyt\u00eb. Orari.<\/p>\n\n\n\n<p>Kompania jon\u00eb \u00ebsht\u00eb plot\u00ebsisht n\u00eb sh\u00ebrbimin tuaj nga e H\u00ebna deri t\u00eb Dielen, k\u00ebshtu q\u00eb ju jeni t\u00eb mir\u00ebpritur nga ora 9:00 deri n\u00eb 18:00, pa pushim.<\/p>\n\n\n\n<p>&#8212;Hapi i Tret\u00eb. Larje Baz\u00eb<\/p>\n\n\n\n<p>Ne p\u00ebrdorim produktet m\u00eb t\u00eb mira p\u00ebr larjen e makinave p\u00ebr k\u00ebt\u00eb arsye specialist\u00ebt tan\u00eb e kthejn\u00eb automjetin tuaj si t\u00eb ri n\u00eb vet\u00ebm disa momente! Tek kjo paket\u00eb p\u00ebrfshihet larja e: Tavanit, Kroskotit, Sedileve, Dyshemese, Tapetet, Dyert, Bagazhi, Xhamat, Disqet, Gomat, Larja nga jashta.<\/p>\n\n\n\n<p>&#8212;Hapi i Kat\u00ebrt. Mbrojtje<\/p>\n\n\n\n<p>Pas pro\u00e7esit t\u00eb larjes baz\u00eb, k\u00ebshillohet aplikim mbrojtje p\u00ebr kroskotin, dyert, sedilet e l\u00ebkur\u00ebs dhe Wax ose Sealent p\u00ebr boj\u00ebn e automjetit tuaj.<\/p>\n\n\n\n<p>&#8212;Hapi i Pest\u00eb Automjeti i Past\u00ebr<\/p>\n\n\n\n<p>Disa momente dhe ju jeni nj\u00eb pronar i lumtur i nj\u00eb makine q\u00eb duket si e re. Ne ju fal\u00ebnderojm\u00eb q\u00eb na vizituat, do t\u00eb jemi t\u00eb lumtur t&#8217;ju shohim p\u00ebrs\u00ebri.<\/p>\n","protected":false},"excerpt":{"rendered":"<p>&#8212;Hapi i par\u00eb. Na telefononi. Operator\u00ebt tan\u00eb me k\u00ebnaq\u00ebsi u p\u00ebrgjigjen t\u00eb gjitha pyetjeve tuaja n\u00eb lidhje me pro\u00e7esin. Ata do t\u00eb gjejn\u00eb koh\u00ebn dhe dit\u00ebn m\u00eb t\u00eb mir\u00eb p\u00ebr t\u00eb p\u00ebrmbushur nevojat tuaja. &#8212;Hapi i Dyt\u00eb. Orari. Kompania jon\u00eb \u00ebsht\u00eb plot\u00ebsisht n\u00eb sh\u00ebrbimin tuaj nga e H\u00ebna deri t\u00eb Dielen, k\u00ebshtu q\u00eb ju jeni [&hellip;]<\/p>\n","protected":false},"author":1,"featured_media":0,"parent":0,"menu_order":0,"comment_status":"closed","ping_status":"closed","template":"","meta":[],"_links":{"self":[{"href":"https:\/\/royalcardetailing.al\/index.php\/wp-json\/wp\/v2\/pages\/1692"}],"collection":[{"href":"https:\/\/royalcardetailing.al\/index.php\/wp-json\/wp\/v2\/pages"}],"about":[{"href":"https:\/\/royalcardetailing.al\/index.php\/wp-json\/wp\/v2\/types\/page"}],"author":[{"embeddable":true,"href":"https:\/\/royalcardetailing.al\/index.php\/wp-json\/wp\/v2\/users\/1"}],"replies":[{"embeddable":true,"href":"https:\/\/royalcardetailing.al\/index.php\/wp-json\/wp\/v2\/comments?post=1692"}],"version-history":[{"count":0,"href":"https:\/\/royalcardetailing.al\/index.php\/wp-json\/wp\/v2\/pages\/1692\/revisions"}],"wp:attachment":[{"href":"https:\/\/royalcardetailing.al\/index.php\/wp-json\/wp\/v2\/media?parent=1692"}],"curies":[{"name":"wp","href":"https:\/\/api.w.org\/{rel}","templated":true}]}}